{"id":10905,"date":"2010-11-24T20:06:00","date_gmt":"2010-11-24T19:06:00","guid":{"rendered":"https:\/\/www.sulike-studio.com\/?page_id=10905"},"modified":"2025-03-30T18:12:30","modified_gmt":"2025-03-30T17:12:30","slug":"video-sa-godisnjica-matura","status":"publish","type":"page","link":"https:\/\/www.sulike-studio.com\/?page_id=10905","title":{"rendered":"Godi\u0161njice Matura"},"content":{"rendered":"\n<center><object data=\"\/wp-content\/uploads\/2025\/03\/god-mat.png\" width=\"100%\"><\/object><\/center>\n\n\n\n<hr class=\"wp-block-separator has-text-color has-vivid-purple-color has-alpha-channel-opacity has-vivid-purple-background-color has-background is-style-wide\"\/>\n\n\n<div id=\"mega-menu-wrap-max_mega_menu_8\" class=\"mega-menu-wrap\"><div class=\"mega-menu-toggle\"><div class=\"mega-toggle-blocks-left\"><\/div><div class=\"mega-toggle-blocks-center\"><div class='mega-toggle-block mega-menu-toggle-animated-block mega-toggle-block-1' id='mega-toggle-block-1'><button aria-controls=\"mega-menu-max_mega_menu_8\" aria-expanded=\"false\" aria-haspopup=\"true\" aria-label=\"Toggle Menu\" class=\"mega-toggle-animated mega-toggle-animated-slider\" type=\"button\">\n                  <span class=\"mega-toggle-animated-box\">\n                    <span class=\"mega-toggle-animated-inner\"><\/span>\n                  <\/span>\n                <\/button><\/div><\/div><div class=\"mega-toggle-blocks-right\"><\/div><\/div><ul id=\"mega-menu-max_mega_menu_8\" class=\"mega-menu max-mega-menu mega-menu-horizontal mega-no-js\" data-event=\"hover_intent\" data-effect=\"fade_up\" data-effect-speed=\"200\" data-effect-mobile=\"disabled\" data-effect-speed-mobile=\"0\" data-mobile-force-width=\"false\" data-second-click=\"go\" data-document-click=\"collapse\" data-vertical-behaviour=\"standard\" data-breakpoint=\"768\" data-unbind=\"true\" data-mobile-state=\"collapse_all\" data-mobile-direction=\"vertical\"><li class=\"mega-menu-item mega-menu-item-type-post_type mega-menu-item-object-page mega-align-bottom-left mega-menu-flyout mega-menu-item-5175\" id=\"mega-menu-item-5175\"><a class=\"mega-menu-link\" href=\"https:\/\/www.sulike-studio.com\/?page_id=4951\">Male Mature<\/a><\/li><li class=\"mega-menu-item mega-menu-item-type-post_type mega-menu-item-object-page mega-align-bottom-left mega-menu-flyout mega-menu-item-10907\" id=\"mega-menu-item-10907\"><a class=\"mega-menu-link\" href=\"https:\/\/www.sulike-studio.com\/?page_id=10905\">Godi\u0161njice Matura<\/a><\/li><\/ul><\/div>\n\n\n<hr class=\"wp-block-separator has-text-color has-vivid-purple-color has-alpha-channel-opacity has-vivid-purple-background-color has-background is-style-wide\"\/>\n\n\n         <div class=\"wp-block-blockspare-posts-block-blockspare-posts-block-latest-posts aligncenter   blockspare-daa7bce8-62e3-4\" blockspare-animation=\"\">\n         <style type=\"text\/css\"> .blockspare-daa7bce8-62e3-4 .blockspare-posts-block-post-wrap{\n            margin-top:30px;\n            margin-bottom:30px;\n            margin-left:0px;\n            margin-right:0px;\n        } .blockspare-daa7bce8-62e3-4 .blockspare-posts-block-post-content{\n            padding-top:15px;\n            padding-right:15px;\n            padding-bottom:15px;\n            padding-left:15px;\n        } .blockspare-daa7bce8-62e3-4 .blockspare-posts-block-post-category a{\n                border-radius:0px;\n            } .blockspare-daa7bce8-62e3-4 .blockspare-posts-block-post-category a{\n                color:#fff!important;\n            } .blockspare-daa7bce8-62e3-4 .blockspare-posts-block-post-category a{\n                    background-color:#222222!important;\n                } .blockspare-daa7bce8-62e3-4 .blockspare-posts-block-post-category{\n            margin-top:5px;\n            margin-bottom:5px;\n            margin-left:0px;\n            margin-right:0px;\n        } .blockspare-daa7bce8-62e3-4 .blockspare-posts-block-post-category a {\n            font-size:12px;\n            ;\n            font-weight:400;\n        }@media (max-width: 1025px) {  .blockspare-daa7bce8-62e3-4 .blockspare-posts-block-post-category a {\n                font-size:10px\n            }}@media (max-width: 767px) {  .blockspare-daa7bce8-62e3-4 .blockspare-posts-block-post-category a {\n                font-size:10px\n            }}<style type=\"text\/css\"> .blockspare-daa7bce8-62e3-4 .blockspare-posts-block-post-wrap{\n            margin-top:30px;\n            margin-bottom:30px;\n            margin-left:0px;\n            margin-right:0px;\n        } .blockspare-daa7bce8-62e3-4 .blockspare-posts-block-post-content{\n            padding-top:15px;\n            padding-right:15px;\n            padding-bottom:15px;\n            padding-left:15px;\n        } .blockspare-daa7bce8-62e3-4 .blockspare-posts-block-post-grid-byline{\n            margin-top:5px;\n            margin-bottom:5px;\n            margin-left:0px;\n            margin-right:0px;\n        } .blockspare-daa7bce8-62e3-4 .blockspare-posts-block-post-grid-more-link{\n            margin-top:5px;\n            margin-bottom:5px;\n            margin-left:0px;\n            margin-right:0px;\n        } .blockspare-daa7bce8-62e3-4 .blockspare-posts-block-post-grid-title a span{\n            color: #ffffff;\n        } .blockspare-daa7bce8-62e3-4 .blockspare-posts-block-post-grid-author a span{\n            color:#cf2e2e;\n        } .blockspare-daa7bce8-62e3-4 .blockspare-posts-block-post-grid-more-link span{\n            color:#cf2e2e;\n        } .blockspare-daa7bce8-62e3-4 .blockspare-posts-block-post-grid-date{\n            color:#ffffff;\n        } .blockspare-daa7bce8-62e3-4 .blockspare-posts-block-post-grid-excerpt-content{\n            color:#ffffff;\n        } .blockspare-daa7bce8-62e3-4 .comment_count{\n            color:#ffffff;\n        } .blockspare-daa7bce8-62e3-4 .blockspare-posts-block-post-grid-title{\n            margin-top:5px;\n            margin-bottom:5px;\n            margin-left:0px;\n            margin-right:0px;\n        } .blockspare-daa7bce8-62e3-4 .blockspare-posts-block-post-grid-excerpt-content{\n                margin-top:5px;\n                margin-bottom:5px;\n                margin-left:0px;\n                margin-right:0px;\n            } .blockspare-daa7bce8-62e3-4  .blockspare-posts-block-post-single{\n                border-radius:15px;\n                background-color:#1e1e1e\n            } .blockspare-daa7bce8-62e3-4  .blockspare-posts-block-post-single{\n                    box-shadow: 18px 18px 10px -9px #000000;\n                } .blockspare-daa7bce8-62e3-4 .blockspare-posts-block-post-content .blockspare-posts-block-title-link:hover span{\n                color: #9b51e0;\n            } .blockspare-daa7bce8-62e3-4 .blockspare-posts-block-post-grid-title a span{\n            font-size: 16px;\n            ;\n            ;\n            line-height: 1.5;\n        } .blockspare-daa7bce8-62e3-4 .blockspare-posts-block-post-content .blockspare-posts-block-post-grid-excerpt .blockspare-posts-block-post-grid-excerpt-content {\n            font-size:14px;\n            ;\n            ;\n        } .blockspare-daa7bce8-62e3-4 .blockspare-posts-block-post-grid-author a span {\n            font-size:11px;\n            ;\n            ;\n        } .blockspare-daa7bce8-62e3-4 .blockspare-posts-block-post-grid-date {\n            font-size:11px;\n            ;\n            ;\n        } .blockspare-daa7bce8-62e3-4 .comment_count {\n            font-size:11px;\n            ;\n            ;\n        }@media (max-width: 1025px) {  .blockspare-daa7bce8-62e3-4 .blockspare-posts-block-post-grid-title a span{\n            font-size: 16px;\n        } .blockspare-daa7bce8-62e3-4 .blockspare-posts-block-post-content .blockspare-posts-block-post-grid-excerpt .blockspare-posts-block-post-grid-excerpt-content {\n            font-size:14px\n        } .blockspare-daa7bce8-62e3-4 .blockspare-posts-block-post-grid-author a span {\n            font-size:11px\n        } .blockspare-daa7bce8-62e3-4 .blockspare-posts-block-post-grid-date {\n            font-size:11px\n        } .blockspare-daa7bce8-62e3-4 .comment_count {\n            font-size:11px\n        }}@media (max-width: 767px) {  .blockspare-daa7bce8-62e3-4 .blockspare-posts-block-post-grid-title a span{\n            font-size: 16px;\n        } .blockspare-daa7bce8-62e3-4 .blockspare-posts-block-post-content .blockspare-posts-block-post-grid-excerpt .blockspare-posts-block-post-grid-excerpt-content {\n            font-size:14px\n        } .blockspare-daa7bce8-62e3-4 .blockspare-posts-block-post-grid-author a span {\n            font-size:11px\n        } .blockspare-daa7bce8-62e3-4 .blockspare-posts-block-post-grid-date {\n            font-size:11px\n        } .blockspare-daa7bce8-62e3-4 .comment_count {\n            font-size:11px\n        }} .blockspare-daa7bce8-62e3-4  .bs_blockspare_loadmore a.blockspare-readmore .load-btn{\n                    color:#9b51e0;\n                } .blockspare-daa7bce8-62e3-4  .bs_blockspare_loadmore a.blockspare-readmore .load-btn:hover{\n                    color:#ffffff;\n                } .blockspare-daa7bce8-62e3-4  .bs_blockspare_loadmore{\n                text-align:center;\n            } .blockspare-daa7bce8-62e3-4 .bs_blockspare_loadmore a.blockspare-readmore .ajax-loader-enabled{\n                border-top-color:#9b51e0;\n            }}<\/style>    <!-- <div class=\"wp-block-blockspare-posts-block-blockspare-posts-block-latest-posts aligncenter  blockspare-daa7bce8-62e3-4\" blockspare-animation=\"\"> -->\n    <section class=\"blockspare-posts-block-post-wrap\">\n      <div class=\"blockspare-posts-block-latest-post-wrap blockspare-posts-block-is-grid has-gutter-20 column-2  blockspare-posts-block-grid-layout-1\">\n                  <div id=\"10908\" class=\"blockspare-posts-block-post-single blockspare-hover-item contentorderone has-background has-background  bs-has-equal-height\">\n                <figure class=\"blockspare-posts-block-post-img hover-child\">\n      <a href=\"https:\/\/www.sulike-studio.com\/?p=10908\" aria-label=\"20 Godina Mature\">\n        <img fetchpriority=\"high\" decoding=\"async\" width=\"640\" height=\"427\" src=\"https:\/\/www.sulike-studio.com\/wp-content\/uploads\/2024\/01\/20godmati.jpg\" class=\"attachment-large size-large\" alt=\"\" \/>      <\/a>\n          <\/figure>\n                <div class=\"blockspare-posts-block-post-content  content-order-1 lpc-title-hover\">\n    <div class=\"blockspare-posts-block-bg-overlay\"><\/div>\n    <!-- blockspare-posts-block-post-grid-header -->\n    <header class=\"blockspare-posts-block-post-grid-header\">\n      <!--display category when feature image is disable -->\n            <!--display category when feature image is enable-->\n            <!-- blockspare-posts-block-post-grid-title -->\n\n      <h2 class=\"blockspare-posts-block-post-grid-title\">\n        <a href=\"https:\/\/www.sulike-studio.com\/?p=10908\" class=\"blockspare-posts-block-title-link\"\n          aria-label=\"20 Godina Mature\">\n          <span>20 Godina Mature<\/span>\n        <\/a>\n      <\/h2>\n\n      <!-- blockspare-posts-block-post-grid-title -->\n\n      <!-- blockspare-posts-block-post-grid-byline -->\n      <div class=\"blockspare-posts-block-post-grid-byline\">\n        <!-- blockspare-posts-block-post-grid-author -->\n                  <div class=\"blockspare-posts-block-post-grid-author\">\n            <!-- <a class=\"blockspare-posts-block-text-link\" href=\"https:\/\/www.sulike-studio.com\/?author=1\"\n                                        itemprop=\"url\" rel=\"author\">\n                                        <span itemprop=\"name\">\n                                            <i class=\"far fa-user-circle\"><\/i>\n                                            SuLike Studio                                        <\/span>\n                                    <\/a> -->\n                            <a class=\"blockspare-posts-block-text-link\" href=\"https:\/\/www.sulike-studio.com\/?author=1\" itemprop=\"url\" rel=\"author\">\n                    <span itemprop=\"name\"><i class=\"far fa-user-circle\"><\/i>SuLike Studio<\/span>\n                <\/a>\n                 <\/div>\n                <!-- blockspare-posts-block-post-grid-author -->\n\n        <!-- blockspare-posts-block-post-grid-date -->\n                  <time datetime=\"2015-07-10T20:21:00+02:00\" class=\"blockspare-posts-block-post-grid-date\" itemprop=\"datePublished\"><i class=\"far fa-clock\" aria-hidden=\"true\"><\/i>Petak 10.07.2015<\/time>\n                <!-- blockspare-posts-block-post-grid-date -->\n\n        <!-- comment_count -->\n                <!-- comment_count -->\n      <\/div>\n      <!-- blockspare-posts-block-post-grid-byline -->\n    <\/header>\n    <!-- blockspare-posts-block-post-grid-header -->\n\n        <!-- blockspare-posts-block-post-grid-excerpt -->\n          <div class=\"blockspare-posts-block-post-grid-excerpt\">\n        <!-- blockspare-posts-block-post-grid-excerpt-content -->\n                  <div class=\"blockspare-posts-block-post-grid-excerpt-content\">\n            Video snimak sa okupljanja povodom 20 godina od male mature O\u0160 Vuk Karad\u017ei\u0107 u Bajmoku.          <\/div>\n                <!-- blockspare-posts-block-post-grid-excerpt-content -->\n        <!-- blockspare-posts-block-post-grid-more-link -->\n                  <p>\n            <a\n              class=\"blockspare-posts-block-post-grid-more-link blockspare-posts-block-text-link\"\n              href=\"https:\/\/www.sulike-studio.com\/?p=10908\"\n              aria-label=\"Read more about 20 Godina Mature\">\n              <span aria-hidden=\"true\">Pogledaj Video ...<\/span>\n            <\/a>\n          <\/p>\n                <!-- blockspare-posts-block-post-grid-more-link -->\n      <\/div>\n        <!-- blockspare-posts-block-post-grid-excerpt -->\n\n  <\/div>\n          <\/div>\n\n        \n      <\/div>\n          <\/section>\n    <!-- <\/div> -->\n          <\/div>\n        \n\n\n<hr class=\"wp-block-separator has-text-color has-vivid-purple-color has-alpha-channel-opacity has-vivid-purple-background-color has-background is-style-wide\"\/>\n","protected":false},"excerpt":{"rendered":"","protected":false},"author":1,"featured_media":0,"parent":5173,"menu_order":0,"comment_status":"closed","ping_status":"closed","template":"","meta":{"footnotes":""},"class_list":["post-10905","page","type-page","status-publish","hentry"],"aioseo_notices":[],"_links":{"self":[{"href":"https:\/\/www.sulike-studio.com\/index.php?rest_route=\/wp\/v2\/pages\/10905","targetHints":{"allow":["GET"]}}],"collection":[{"href":"https:\/\/www.sulike-studio.com\/index.php?rest_route=\/wp\/v2\/pages"}],"about":[{"href":"https:\/\/www.sulike-studio.com\/index.php?rest_route=\/wp\/v2\/types\/page"}],"author":[{"embeddable":true,"href":"https:\/\/www.sulike-studio.com\/index.php?rest_route=\/wp\/v2\/users\/1"}],"replies":[{"embeddable":true,"href":"https:\/\/www.sulike-studio.com\/index.php?rest_route=%2Fwp%2Fv2%2Fcomments&post=10905"}],"version-history":[{"count":6,"href":"https:\/\/www.sulike-studio.com\/index.php?rest_route=\/wp\/v2\/pages\/10905\/revisions"}],"predecessor-version":[{"id":14765,"href":"https:\/\/www.sulike-studio.com\/index.php?rest_route=\/wp\/v2\/pages\/10905\/revisions\/14765"}],"up":[{"embeddable":true,"href":"https:\/\/www.sulike-studio.com\/index.php?rest_route=\/wp\/v2\/pages\/5173"}],"wp:attachment":[{"href":"https:\/\/www.sulike-studio.com\/index.php?rest_route=%2Fwp%2Fv2%2Fmedia&parent=10905"}],"curies":[{"name":"wp","href":"https:\/\/api.w.org\/{rel}","templated":true}]}}