{"id":14506,"date":"2025-03-30T00:53:45","date_gmt":"2025-03-29T23:53:45","guid":{"rendered":"https:\/\/www.sulike-studio.com\/?page_id=14506"},"modified":"2026-03-26T14:14:57","modified_gmt":"2026-03-26T13:14:57","slug":"skole","status":"publish","type":"page","link":"https:\/\/www.sulike-studio.com\/?page_id=14506","title":{"rendered":"\u0160kole i Vrti\u0107i"},"content":{"rendered":"\n<center><a href=\"https:\/\/www.sulike-studio.com\/?page_id=13371\"><object data=\"\/wp-content\/uploads\/2025\/03\/sko-vrt.png\" width=\"100%\"><\/object><\/a><\/center>\n\n\n\n<div class=\"wp-block-boldblocks-icon-separator\" style=\"--bb--margin-top--sm:var(--bb--margin-top--lg);--bb--margin-bottom--sm:var(--bb--margin-bottom--lg);--bb--margin-top--md:var(--bb--margin-top--lg);--bb--margin-bottom--md:var(--bb--margin-bottom--lg);--bb--margin-top--lg:var(--wp--preset--spacing--20);--bb--margin-bottom--lg:var(--wp--preset--spacing--20)\" role=\"separator\"><div class=\"wp-block-boldblocks-icon-separator__inner icon-center is-align-center\" style=\"--bb-border:3px solid var(--wp--preset--color--vivid-purple, #9b51e0);--bb--icon-width:1em;--bb--icon-spacing:.5em\"><\/div><\/div>\n\n\n<div id=\"mega-menu-wrap-max_mega_menu_11\" class=\"mega-menu-wrap\"><div class=\"mega-menu-toggle\"><div class=\"mega-toggle-blocks-left\"><\/div><div class=\"mega-toggle-blocks-center\"><div class='mega-toggle-block mega-menu-toggle-animated-block mega-toggle-block-1' id='mega-toggle-block-1'><button aria-controls=\"mega-menu-max_mega_menu_11\" aria-expanded=\"false\" aria-haspopup=\"true\" aria-label=\"Toggle Menu\" class=\"mega-toggle-animated mega-toggle-animated-slider\" type=\"button\">\n                  <span class=\"mega-toggle-animated-box\">\n                    <span class=\"mega-toggle-animated-inner\"><\/span>\n                  <\/span>\n                <\/button><\/div><\/div><div class=\"mega-toggle-blocks-right\"><\/div><\/div><ul id=\"mega-menu-max_mega_menu_11\" class=\"mega-menu max-mega-menu mega-menu-horizontal mega-no-js\" data-event=\"hover_intent\" data-effect=\"fade_up\" data-effect-speed=\"200\" data-effect-mobile=\"slide_right\" data-effect-speed-mobile=\"200\" data-mobile-force-width=\"false\" data-second-click=\"go\" data-document-click=\"collapse\" data-vertical-behaviour=\"standard\" data-breakpoint=\"768\" data-unbind=\"true\" data-mobile-state=\"collapse_all\" data-mobile-direction=\"vertical\"><li class=\"mega-menu-item mega-menu-item-type-post_type mega-menu-item-object-page mega-align-bottom-left mega-menu-flyout mega-menu-item-14446\" id=\"mega-menu-item-14446\"><a class=\"mega-menu-link\" href=\"https:\/\/www.sulike-studio.com\/?page_id=14409\">CAFFE<\/a><\/li><li class=\"mega-menu-item mega-menu-item-type-post_type mega-menu-item-object-page mega-align-bottom-left mega-menu-flyout mega-menu-item-14454\" id=\"mega-menu-item-14454\"><a class=\"mega-menu-link\" href=\"https:\/\/www.sulike-studio.com\/?page_id=14448\">CLUB<\/a><\/li><li class=\"mega-menu-item mega-menu-item-type-post_type mega-menu-item-object-page mega-align-bottom-left mega-menu-flyout mega-menu-item-14458\" id=\"mega-menu-item-14458\"><a class=\"mega-menu-link\" href=\"https:\/\/www.sulike-studio.com\/?page_id=14455\">RESTORAN<\/a><\/li><li class=\"mega-menu-item mega-menu-item-type-post_type mega-menu-item-object-page mega-align-bottom-left mega-menu-flyout mega-menu-item-14479\" id=\"mega-menu-item-14479\"><a class=\"mega-menu-link\" href=\"https:\/\/www.sulike-studio.com\/?page_id=14477\">GOSTIONA<\/a><\/li><li class=\"mega-menu-item mega-menu-item-type-post_type mega-menu-item-object-page mega-align-bottom-left mega-menu-flyout mega-menu-item-14486\" id=\"mega-menu-item-14486\"><a class=\"mega-menu-link\" href=\"https:\/\/www.sulike-studio.com\/?page_id=14483\">SALA<\/a><\/li><li class=\"mega-menu-item mega-menu-item-type-post_type mega-menu-item-object-page mega-align-bottom-left mega-menu-flyout mega-menu-item-14495\" id=\"mega-menu-item-14495\"><a class=\"mega-menu-link\" href=\"https:\/\/www.sulike-studio.com\/?page_id=14493\">VINARIJA<\/a><\/li><li class=\"mega-menu-item mega-menu-item-type-post_type mega-menu-item-object-page mega-align-bottom-left mega-menu-flyout mega-menu-item-14500\" id=\"mega-menu-item-14500\"><a class=\"mega-menu-link\" href=\"https:\/\/www.sulike-studio.com\/?page_id=14497\">VILA I SALA\u0160<\/a><\/li><li class=\"mega-menu-item mega-menu-item-type-post_type mega-menu-item-object-page mega-align-bottom-left mega-menu-flyout mega-menu-item-14523\" id=\"mega-menu-item-14523\"><a class=\"mega-menu-link\" href=\"https:\/\/www.sulike-studio.com\/?page_id=14518\">IGRAONICA<\/a><\/li><li class=\"mega-menu-item mega-menu-item-type-post_type mega-menu-item-object-page mega-align-bottom-left mega-menu-flyout mega-menu-item-14511\" id=\"mega-menu-item-14511\"><a class=\"mega-menu-link\" href=\"https:\/\/www.sulike-studio.com\/?page_id=14506\">\u0160KOLA<\/a><\/li><li class=\"mega-menu-item mega-menu-item-type-post_type mega-menu-item-object-page mega-align-bottom-left mega-menu-flyout mega-menu-item-20285\" id=\"mega-menu-item-20285\"><a class=\"mega-menu-link\" href=\"https:\/\/www.sulike-studio.com\/?page_id=20280\">CRKVE<\/a><\/li><\/ul><button aria-controls=\"mega-menu-max_mega_menu_11\" aria-label=\"Close\" class='mega-close'><\/button><\/div>\n\n\n<div class=\"wp-block-boldblocks-icon-separator\" style=\"--bb--margin-top--sm:var(--bb--margin-top--lg);--bb--margin-bottom--sm:var(--bb--margin-bottom--lg);--bb--margin-top--md:var(--bb--margin-top--lg);--bb--margin-bottom--md:var(--bb--margin-bottom--lg);--bb--margin-top--lg:var(--wp--preset--spacing--20);--bb--margin-bottom--lg:var(--wp--preset--spacing--20)\" role=\"separator\"><div class=\"wp-block-boldblocks-icon-separator__inner icon-center is-align-center\" style=\"--bb-border:3px solid var(--wp--preset--color--vivid-purple, #9b51e0);--bb--icon-width:1em;--bb--icon-spacing:.5em\"><\/div><\/div>\n\n\n\n<div class=\"wp-block-columns is-layout-flex wp-container-core-columns-is-layout-7d11ce30 wp-block-columns-is-layout-flex\" style=\"margin-top:var(--wp--preset--spacing--40);margin-bottom:var(--wp--preset--spacing--40)\">\n<div class=\"wp-block-column has-background is-layout-flow wp-block-column-is-layout-flow\" style=\"border-top-left-radius:30px;border-top-right-radius:30px;border-bottom-left-radius:30px;border-bottom-right-radius:30px;background-color:#1e1e1e;box-shadow:var(--wp--preset--shadow--crisp)\">\n<center><a href=\"https:\/\/www.sulike-studio.com\/?page_id=13769\"><object data=\"\/wp-content\/uploads\/2025\/03\/os-mat-vuk.png\" width=\"100%\"><\/object><\/a><\/center>\n\n\n\n<h5 class=\"wp-block-heading has-text-align-center\">O\u0160 \u201e Matko Vukovi\u0107 \u201d<br>Ru\u0111era Bo\u0161kovi\u0107a 1<br>24000 Subotica<\/h5>\n\n\n\n<div class=\"wp-block-blockspare-blockspare-buttons blockspare-387ff411-0fef-4 blockspare-block-button-wrap blockspare-block-animation\" blockspare-animation=\"AFTfadeInDown\"><style>.blockspare-387ff411-0fef-4 .blockspare-block-button{text-align:center;margin-top:30px;margin-bottom:30px;margin-left:0px;margin-right:0px}.blockspare-387ff411-0fef-4 .blockspare-block-button span{color:#fff;border-width:2px;font-size:16px}.blockspare-387ff411-0fef-4 .blockspare-block-button .blockspare-button{background-image:linear-gradient(4deg,#3B1A5B 30%,#8B249C 70%)}.blockspare-387ff411-0fef-4 .blockspare-block-button .blockspare-button:visited{background-image:linear-gradient(4deg,#3B1A5B 30%,#8B249C 70%)}.blockspare-387ff411-0fef-4 .blockspare-block-button .blockspare-button:focus{background-image:linear-gradient(4deg,#3B1A5B 30%,#8B249C 70%)}.blockspare-387ff411-0fef-4 .blockspare-block-button i{font-size:16px}.blockspare-387ff411-0fef-4 .blockspare-block-button a{padding-top:12px;padding-bottom:12px;padding-right:22px;padding-left:22px}@media screen and (max-width:1025px){.blockspare-387ff411-0fef-4 .blockspare-block-button span{font-size:14px}.blockspare-387ff411-0fef-4 .blockspare-block-button i{font-size:14px}}@media screen and (max-width:768px){.blockspare-387ff411-0fef-4 .blockspare-block-button span{font-size:14px}.blockspare-387ff411-0fef-4 .blockspare-block-button i{font-size:14px}}<\/style><div class=\"blockspare-block-button\"><a href=\"https:\/\/www.sulike-studio.com\/?page_id=13769\" class=\"blockspare-button blockspare-button-shape-rounded blockspare-button-size-small\"><span><strong>Otvori Lokaciju<\/strong><\/span><\/a><\/div><\/div>\n<\/div>\n\n\n\n<div class=\"wp-block-column has-background is-layout-flow wp-block-column-is-layout-flow\" style=\"border-top-left-radius:30px;border-top-right-radius:30px;border-bottom-left-radius:30px;border-bottom-right-radius:30px;background-color:#1e1e1e;box-shadow:var(--wp--preset--shadow--crisp)\">\n<center><a href=\"https:\/\/www.sulike-studio.com\/?page_id=13537\"><object data=\"\/wp-content\/uploads\/2025\/03\/os-vuk-kar.png\" width=\"100%\"><\/object><\/a><\/center>\n\n\n\n<h5 class=\"wp-block-heading has-text-align-center\">O\u0160 \u201e Vuk Karad\u017ei\u0107 \u201d<br>Trg Mar\u0161ala Tita<br>24210 Bajmok<\/h5>\n\n\n\n<div class=\"wp-block-blockspare-blockspare-buttons blockspare-7d8ea6ff-317e-4 blockspare-block-button-wrap blockspare-block-animation\" blockspare-animation=\"AFTfadeInDown\"><style>.blockspare-7d8ea6ff-317e-4 .blockspare-block-button{text-align:center;margin-top:30px;margin-bottom:30px;margin-left:0px;margin-right:0px}.blockspare-7d8ea6ff-317e-4 .blockspare-block-button span{color:#fff;border-width:2px;font-size:16px}.blockspare-7d8ea6ff-317e-4 .blockspare-block-button .blockspare-button{background-image:linear-gradient(4deg,#3B1A5B 30%,#8B249C 70%)}.blockspare-7d8ea6ff-317e-4 .blockspare-block-button .blockspare-button:visited{background-image:linear-gradient(4deg,#3B1A5B 30%,#8B249C 70%)}.blockspare-7d8ea6ff-317e-4 .blockspare-block-button .blockspare-button:focus{background-image:linear-gradient(4deg,#3B1A5B 30%,#8B249C 70%)}.blockspare-7d8ea6ff-317e-4 .blockspare-block-button i{font-size:16px}.blockspare-7d8ea6ff-317e-4 .blockspare-block-button a{padding-top:12px;padding-bottom:12px;padding-right:22px;padding-left:22px}@media screen and (max-width:1025px){.blockspare-7d8ea6ff-317e-4 .blockspare-block-button span{font-size:14px}.blockspare-7d8ea6ff-317e-4 .blockspare-block-button i{font-size:14px}}@media screen and (max-width:768px){.blockspare-7d8ea6ff-317e-4 .blockspare-block-button span{font-size:14px}.blockspare-7d8ea6ff-317e-4 .blockspare-block-button i{font-size:14px}}<\/style><div class=\"blockspare-block-button\"><a href=\"https:\/\/www.sulike-studio.com\/?page_id=13537\" class=\"blockspare-button blockspare-button-shape-rounded blockspare-button-size-small\"><span><strong>Otvori Lokaciju<\/strong><\/span><\/a><\/div><\/div>\n<\/div>\n<\/div>\n\n\n\n<div class=\"wp-block-columns is-layout-flex wp-container-core-columns-is-layout-7d11ce30 wp-block-columns-is-layout-flex\" style=\"margin-top:var(--wp--preset--spacing--40);margin-bottom:var(--wp--preset--spacing--40)\">\n<div class=\"wp-block-column has-background is-layout-flow wp-block-column-is-layout-flow\" style=\"border-top-left-radius:30px;border-top-right-radius:30px;border-bottom-left-radius:30px;border-bottom-right-radius:30px;background-color:#1e1e1e;box-shadow:var(--wp--preset--shadow--crisp)\">\n<center><a href=\"https:\/\/www.sulike-studio.com\/?page_id=20085\"><object data=\"\/wp-content\/uploads\/2025\/09\/os-sve-sav.png\" width=\"100%\"><\/object><\/a><\/center>\n\n\n\n<h5 class=\"wp-block-heading has-text-align-center\">O\u0160 \u201e Sveti Sava\u201d<br>Aksentija Marodi\u0107a BB<br>24000 Subotica<\/h5>\n\n\n\n<div class=\"wp-block-blockspare-blockspare-buttons blockspare-707611eb-430d-4 blockspare-block-button-wrap blockspare-block-animation\" blockspare-animation=\"AFTfadeInDown\"><style>.blockspare-707611eb-430d-4 .blockspare-block-button{text-align:center;margin-top:30px;margin-bottom:30px;margin-left:0px;margin-right:0px}.blockspare-707611eb-430d-4 .blockspare-block-button span{color:#fff;border-width:2px;font-size:16px}.blockspare-707611eb-430d-4 .blockspare-block-button .blockspare-button{background-image:linear-gradient(4deg,#3B1A5B 30%,#8B249C 70%)}.blockspare-707611eb-430d-4 .blockspare-block-button .blockspare-button:visited{background-image:linear-gradient(4deg,#3B1A5B 30%,#8B249C 70%)}.blockspare-707611eb-430d-4 .blockspare-block-button .blockspare-button:focus{background-image:linear-gradient(4deg,#3B1A5B 30%,#8B249C 70%)}.blockspare-707611eb-430d-4 .blockspare-block-button i{font-size:16px}.blockspare-707611eb-430d-4 .blockspare-block-button a{padding-top:12px;padding-bottom:12px;padding-right:22px;padding-left:22px}@media screen and (max-width:1025px){.blockspare-707611eb-430d-4 .blockspare-block-button span{font-size:14px}.blockspare-707611eb-430d-4 .blockspare-block-button i{font-size:14px}}@media screen and (max-width:768px){.blockspare-707611eb-430d-4 .blockspare-block-button span{font-size:14px}.blockspare-707611eb-430d-4 .blockspare-block-button i{font-size:14px}}<\/style><div class=\"blockspare-block-button\"><a href=\"https:\/\/www.sulike-studio.com\/?page_id=20085\" class=\"blockspare-button blockspare-button-shape-rounded blockspare-button-size-small\"><span><strong>Otvori Lokaciju<\/strong><\/span><\/a><\/div><\/div>\n<\/div>\n\n\n\n<div class=\"wp-block-column has-background is-layout-flow wp-block-column-is-layout-flow\" style=\"border-top-left-radius:30px;border-top-right-radius:30px;border-bottom-left-radius:30px;border-bottom-right-radius:30px;background-color:#1e1e1e;box-shadow:var(--wp--preset--shadow--crisp)\">\n<center><a href=\"https:\/\/www.sulike-studio.com\/?page_id=20080\"><object data=\"\/wp-content\/uploads\/2025\/09\/ek-fak.png\" width=\"100%\"><\/object><\/a><\/center>\n\n\n\n<h5 class=\"wp-block-heading has-text-align-center\">Ekonomski Fakultet<br>Segedinski Put 9-11<br>24000 Subotica<\/h5>\n\n\n\n<div class=\"wp-block-blockspare-blockspare-buttons blockspare-16a0b940-136f-4 blockspare-block-button-wrap blockspare-block-animation\" blockspare-animation=\"AFTfadeInDown\"><style>.blockspare-16a0b940-136f-4 .blockspare-block-button{text-align:center;margin-top:30px;margin-bottom:30px;margin-left:0px;margin-right:0px}.blockspare-16a0b940-136f-4 .blockspare-block-button span{color:#fff;border-width:2px;font-size:16px}.blockspare-16a0b940-136f-4 .blockspare-block-button .blockspare-button{background-image:linear-gradient(4deg,#3B1A5B 30%,#8B249C 70%)}.blockspare-16a0b940-136f-4 .blockspare-block-button .blockspare-button:visited{background-image:linear-gradient(4deg,#3B1A5B 30%,#8B249C 70%)}.blockspare-16a0b940-136f-4 .blockspare-block-button .blockspare-button:focus{background-image:linear-gradient(4deg,#3B1A5B 30%,#8B249C 70%)}.blockspare-16a0b940-136f-4 .blockspare-block-button i{font-size:16px}.blockspare-16a0b940-136f-4 .blockspare-block-button a{padding-top:12px;padding-bottom:12px;padding-right:22px;padding-left:22px}@media screen and (max-width:1025px){.blockspare-16a0b940-136f-4 .blockspare-block-button span{font-size:14px}.blockspare-16a0b940-136f-4 .blockspare-block-button i{font-size:14px}}@media screen and (max-width:768px){.blockspare-16a0b940-136f-4 .blockspare-block-button span{font-size:14px}.blockspare-16a0b940-136f-4 .blockspare-block-button i{font-size:14px}}<\/style><div class=\"blockspare-block-button\"><a href=\"https:\/\/www.sulike-studio.com\/?page_id=20080\" class=\"blockspare-button blockspare-button-shape-rounded blockspare-button-size-small\"><span><strong>Otvori Lokaciju<\/strong><\/span><\/a><\/div><\/div>\n<\/div>\n<\/div>\n","protected":false},"excerpt":{"rendered":"<p>O\u0160 \u201e Matko Vukovi\u0107 \u201dRu\u0111era<\/p>\n","protected":false},"author":1,"featured_media":14389,"parent":13371,"menu_order":0,"comment_status":"closed","ping_status":"closed","template":"","meta":{"footnotes":""},"class_list":["post-14506","page","type-page","status-publish","has-post-thumbnail","hentry"],"aioseo_notices":[],"_links":{"self":[{"href":"https:\/\/www.sulike-studio.com\/index.php?rest_route=\/wp\/v2\/pages\/14506","targetHints":{"allow":["GET"]}}],"collection":[{"href":"https:\/\/www.sulike-studio.com\/index.php?rest_route=\/wp\/v2\/pages"}],"about":[{"href":"https:\/\/www.sulike-studio.com\/index.php?rest_route=\/wp\/v2\/types\/page"}],"author":[{"embeddable":true,"href":"https:\/\/www.sulike-studio.com\/index.php?rest_route=\/wp\/v2\/users\/1"}],"replies":[{"embeddable":true,"href":"https:\/\/www.sulike-studio.com\/index.php?rest_route=%2Fwp%2Fv2%2Fcomments&post=14506"}],"version-history":[{"count":18,"href":"https:\/\/www.sulike-studio.com\/index.php?rest_route=\/wp\/v2\/pages\/14506\/revisions"}],"predecessor-version":[{"id":20658,"href":"https:\/\/www.sulike-studio.com\/index.php?rest_route=\/wp\/v2\/pages\/14506\/revisions\/20658"}],"up":[{"embeddable":true,"href":"https:\/\/www.sulike-studio.com\/index.php?rest_route=\/wp\/v2\/pages\/13371"}],"wp:featuredmedia":[{"embeddable":true,"href":"https:\/\/www.sulike-studio.com\/index.php?rest_route=\/wp\/v2\/media\/14389"}],"wp:attachment":[{"href":"https:\/\/www.sulike-studio.com\/index.php?rest_route=%2Fwp%2Fv2%2Fmedia&parent=14506"}],"curies":[{"name":"wp","href":"https:\/\/api.w.org\/{rel}","templated":true}]}}