{"id":5156,"date":"2024-03-29T13:57:54","date_gmt":"2024-03-29T12:57:54","guid":{"rendered":"https:\/\/www.sulike-studio.com\/?page_id=5156"},"modified":"2025-09-12T19:50:35","modified_gmt":"2025-09-12T18:50:35","slug":"o-nama","status":"publish","type":"page","link":"https:\/\/www.sulike-studio.com\/?page_id=5156","title":{"rendered":"O Nama"},"content":{"rendered":"\n<a href=\"https:\/\/www.sulike-studio.com\/\"><object data=\"\/wp-content\/uploads\/2025\/09\/o-nam-su-li-stu.png\" width=\"100%\"><\/object><\/a>\n\n\n\n\n<div class=\"wp-block-boldblocks-icon-separator\" style=\"--bb--margin-top--sm:var(--bb--margin-top--lg);--bb--margin-bottom--sm:var(--bb--margin-bottom--lg);--bb--margin-top--md:var(--bb--margin-top--lg);--bb--margin-bottom--md:var(--bb--margin-bottom--lg);--bb--margin-top--lg:var(--wp--preset--spacing--20);--bb--margin-bottom--lg:var(--wp--preset--spacing--20)\" role=\"separator\"><div class=\"wp-block-boldblocks-icon-separator__inner icon-center is-align-center\" style=\"--bb-border:3px solid var(--wp--preset--color--vivid-purple, #9b51e0);--bb--icon-width:1em;--bb--icon-spacing:.5em\"><\/div><\/div>\n\n\n\n<h4 class=\"wp-block-heading has-text-align-center has-background\" style=\"background:linear-gradient(135deg,rgb(65,88,208) 0%,rgb(199,81,192) 50%,rgb(65,88,208) 100%)\"><strong>Mesto:<\/strong>&nbsp;Subotica,Subotica \u2013&nbsp;<strong>Telefon:<\/strong>&nbsp;<strong><a href=\"tel:+3816318462\">0631846266<\/a><\/strong><br><strong>Facebook:<\/strong>&nbsp;<strong><a href=\"https:\/\/facebook.com\/sulike.su\" target=\"_blank\" rel=\"noreferrer noopener\">Poseti<\/a><\/strong>&nbsp;\u2013&nbsp;<strong>Instagram:<\/strong>&nbsp;<strong><a href=\"https:\/\/instagram.com\/sulike.su\" target=\"_blank\" rel=\"noreferrer noopener\">Poseti<\/a><\/strong><\/h4>\n\n\n\n<div class=\"wp-block-boldblocks-icon-separator\" style=\"--bb--margin-top--sm:var(--bb--margin-top--lg);--bb--margin-bottom--sm:var(--bb--margin-bottom--lg);--bb--margin-top--md:var(--bb--margin-top--lg);--bb--margin-bottom--md:var(--bb--margin-bottom--lg);--bb--margin-top--lg:var(--wp--preset--spacing--20);--bb--margin-bottom--lg:var(--wp--preset--spacing--20)\" role=\"separator\"><div class=\"wp-block-boldblocks-icon-separator__inner icon-center is-align-center\" style=\"--bb-border:3px solid var(--wp--preset--color--vivid-purple, #9b51e0);--bb--icon-width:1em;--bb--icon-spacing:.5em\"><\/div><\/div>\n\n\n\n<p class=\"has-drop-cap\"><strong>SSuLike Studio<\/strong> za foto i video produkciju idealan je izbor za fotografisanja va\u0161ih svadbenih veselja , 1 ro\u0111endana va\u0161e dece , 18 ro\u0111endana , godi\u0161njice braka kao i ostalih vama dragih skupova. Na\u0161 tim \u010dine fotografi sa dugogodi\u0161njim iskustvom . Svaka proslava je na\u0161a nova avantura kada postajemo deo va\u0161eg najlep\u0161eg dana u \u017eivotu .\u00a0<\/p>\n\n\n\n<p>Uka\u017eite nam poverenje i bi\u0107e nam \u010dast da ovekove\u010dimo svaki bitan momenat va\u0161eg slavlja ! i da vas obradujemo nekim od na\u0161ih poklona koje pripremamo i menjamo za vas na\u0161e verne korisnike usluga.<\/p>\n\n\n\n<p>SuLike je studio koji se profesionalno bavi FOTO i VIDEO produkcijom specijalizovan za ven\u010danja i druge sve\u010dane prilike . Dugogodi\u0161nja tradicija i tim iskusnih profesionalaca kao \u0161to su Fotografi, Kamermani , video producenti kao i profesionalni monta\u017eeri \u2026 garantujemo da \u0107e va\u0161e najlep\u0161e uspomene zauvek biti sa\u010duvane od zaborava !<\/p>\n\n\n\n<div class=\"wp-block-boldblocks-icon-separator\" style=\"--bb--margin-top--sm:var(--bb--margin-top--lg);--bb--margin-bottom--sm:var(--bb--margin-bottom--lg);--bb--margin-top--md:var(--bb--margin-top--lg);--bb--margin-bottom--md:var(--bb--margin-bottom--lg);--bb--margin-top--lg:var(--wp--preset--spacing--20);--bb--margin-bottom--lg:var(--wp--preset--spacing--20)\" role=\"separator\"><div class=\"wp-block-boldblocks-icon-separator__inner icon-center is-align-center\" style=\"--bb-border:3px solid var(--wp--preset--color--vivid-purple, #9b51e0);--bb--icon-width:1em;--bb--icon-spacing:.5em\"><\/div><\/div>\n\n\n<div class=\"aligncenter wp-block-site-logo\"><a href=\"https:\/\/www.sulike-studio.com\/\" class=\"custom-logo-link\" rel=\"home\"><img fetchpriority=\"high\" decoding=\"async\" width=\"552\" height=\"150\" src=\"https:\/\/www.sulike-studio.com\/wp-content\/uploads\/2024\/04\/sulikestudionew.png\" class=\"custom-logo\" alt=\"SuLike Studio &#8211; Subotica\" srcset=\"https:\/\/www.sulike-studio.com\/wp-content\/uploads\/2024\/04\/sulikestudionew.png 1200w, https:\/\/www.sulike-studio.com\/wp-content\/uploads\/2024\/04\/sulikestudionew-300x82.png 300w, https:\/\/www.sulike-studio.com\/wp-content\/uploads\/2024\/04\/sulikestudionew-1024x279.png 1024w, https:\/\/www.sulike-studio.com\/wp-content\/uploads\/2024\/04\/sulikestudionew-768x209.png 768w\" sizes=\"(max-width: 552px) 100vw, 552px\" \/><\/a><\/div>\n\n\n<div class=\"wp-block-boldblocks-icon-separator\" style=\"--bb--margin-top--sm:var(--bb--margin-top--lg);--bb--margin-bottom--sm:var(--bb--margin-bottom--lg);--bb--margin-top--md:var(--bb--margin-top--lg);--bb--margin-bottom--md:var(--bb--margin-bottom--lg);--bb--margin-top--lg:var(--wp--preset--spacing--20);--bb--margin-bottom--lg:var(--wp--preset--spacing--20)\" role=\"separator\"><div class=\"wp-block-boldblocks-icon-separator__inner icon-center is-align-center\" style=\"--bb-border:3px solid var(--wp--preset--color--vivid-purple, #9b51e0);--bb--icon-width:1em;--bb--icon-spacing:.5em\"><\/div><\/div>\n\n\n\n<p>Za nas je svako snimanje ili fotografisanje jedna nova i druga\u010dija pri\u010da, na\u0161 cilj je da svakoj fotografiji udahnemo karakter , tako da predstavlja vernost i posve\u0107enost na\u0161eg dugogodi\u0161njeg profesionalnog rada.<\/p>\n\n\n\n<p>SuLike Photo Studio je po\u010deo sa radom jo\u0161 marta 2005. godine i svih ovih godina trudimo se da na\u0161im korisnicima, uz savremene tehnologije i nove trendove koji se pojavljuju na tr\u017ei\u0161tu, pomognemo da svoje uspomene sa\u010duvaju od zaborava\u2026 Sa pobolj\u0161anjem tehnologije, i asortiman na\u0161ih usluga se pro\u0161irio.<\/p>\n\n\n\n<p>tako da danas kod nas mo\u017eete prona\u0107i i razne poklon\u010di\u0107e: \u0160tampane \u0161olje sa \u017eeljenim motivima, kalendare, priveske, a mo\u017eete i zakazati snimanje I slikanje va\u0161eg veselja po najpristupacnijim cenama . Snimanje i fotografisanje vrsimo dslr photo video kamerama visoke rezolucije I to do 4K (ultra HD-a) \u2026 a isto tako mo\u017eete izraditi najdra\u017ee fotografije i tako ovekove\u010diti svoje uspomene. <br><\/p>\n\n\n\n<p class=\"has-drop-cap\"><strong>U U Slu\u010daju<\/strong> da izgubite va\u0161e fotografije,na\u0161a ekipa se pobrinula i za to,pa smo odlu\u010dili da na\u0161e radove \u010duvamo i do 10 godina,samim tim vam pru\u017eamo mogu\u0107nost da nas kontaktirate i zatra\u017eite kopiju fotografija. <br>Kontaktirajte nas da se dogovorimo putem kontakt forme na linku <a href=\"https:\/\/studio.sulike-team.com\/?page_id=129\" title=\"ovde\">ovde<\/a> ili nas kontaktirajte putem prikazanih brojeva telefona i e-mailom.<\/p>\n\n\n\n<div class=\"wp-block-boldblocks-icon-separator\" style=\"--bb--margin-top--sm:var(--bb--margin-top--lg);--bb--margin-bottom--sm:var(--bb--margin-bottom--lg);--bb--margin-top--md:var(--bb--margin-top--lg);--bb--margin-bottom--md:var(--bb--margin-bottom--lg);--bb--margin-top--lg:var(--wp--preset--spacing--20);--bb--margin-bottom--lg:var(--wp--preset--spacing--20)\" role=\"separator\"><div class=\"wp-block-boldblocks-icon-separator__inner icon-center is-align-center\" style=\"--bb-border:3px solid var(--wp--preset--color--vivid-purple, #9b51e0);--bb--icon-width:1em;--bb--icon-spacing:.5em\"><\/div><\/div>\n\n\n\n      <div class=\"aligncenter \">\n        <style type=\"text\/css\"> .blockspare-d248ccc6-64b7-4 .bs-flash-wrap .bs-exclusive-posts{\n                background-color:transparent;\n            } .blockspare-d248ccc6-64b7-4 .bs-flash-wrap .bs-exclusive-posts{\n            border-radius:0px;\n        } .blockspare-d248ccc6-64b7-4 .bs-flash-wrap .bs-exclusive-posts .bs-exclusive-now-txt-animation-wrap{\n            border-radius:0px;\n        } .blockspare-d248ccc6-64b7-4 .bs-flash-wrap .bs-exclusive-posts .bs-exclusive-slides{\n            border-radius:0px;\n        } .blockspare-d248ccc6-64b7-4 .bs-flash-wrap .bs-exclusive-posts .bs-exclusive-slides .bs-circle-marq{\n            border-radius:10px;\n        } .blockspare-d248ccc6-64b7-4 .bs-flash-wrap .bs-exclusive-posts .bs-exclusive-slides .bs-marquee .bs-marquee-wrapper{\n            animation-duration:20s;\n        } .blockspare-d248ccc6-64b7-4 .bs-flash-wrap.has-fixed-width  h2.bs-post-title{\n            width:375px;\n        } .blockspare-d248ccc6-64b7-4 .bs-flash-wrap .bs-exclusive-posts .bs-exclusive-slides a .bs-post-title{\n            color:#ffffff;\n        } .blockspare-d248ccc6-64b7-4 .bs-flash-wrap .bs-exclusive-posts .bs-exclusive-slides a:hover .bs-post-title{\n            color:#404040;\n        } .blockspare-d248ccc6-64b7-4 .bs-flash-wrap .bs-exclusive-posts .bs-exclusive-now .bs-exclusive-now-txt-animation-wrap{\n            color:#ffffff;\n            background-color: #9b51e0;\n        } .blockspare-d248ccc6-64b7-4 .bs-flash-wrap.flash-style-2 .bs-exclusive-posts .bs-exclusive-now .bs-exclusive-now-txt-animation-wrap::after{\n            border-left-color:#9b51e0;\n        } .blockspare-d248ccc6-64b7-4 .bs-flash-wrap.flash-style-3 .bs-exclusive-posts .bs-exclusive-now .bs-exclusive-now-txt-animation-wrap::after{\n            background-color:#9b51e0;\n        } .blockspare-d248ccc6-64b7-4 .bs-flash-wrap.flash-style-4 .bs-exclusive-posts .bs-exclusive-now .bs-exclusive-now-txt-animation-wrap::after{\n            background-color:#9b51e0;\n        } .blockspare-d248ccc6-64b7-4 .bs-flash-wrap .bs-exclusive-posts{\n            margin-top:0px;\n            margin-right:0px;\n            margin-bottom:0px;\n            margin-left:0px;\n        } .blockspare-d248ccc6-64b7-4 .bs-flash-wrap .bs-exclusive-slides{\n            padding-top:0px;\n            padding-right:0px;\n            padding-bottom:0px;\n            padding-left:5px;\n        } .blockspare-d248ccc6-64b7-4 .bs-flash-wrap .bs-exclusive-posts .bs-exclusive-slides a .bs-post-title{\n            font-size: 14px;\n            ;\n            ;\n            line-height: 1.5;\n        } .blockspare-d248ccc6-64b7-4 .bs-flash-wrap .bs-exclusive-now .bs-exclusive-now-txt-animation-wrap .bs-exclusive-texts-wrapper{\n            font-size: 16px;\n            ;\n            ;\n        } .blockspare-d248ccc6-64b7-4 .bs-flash-wrap .bs-exclusive-now .bs-exclusive-news-title{\n            font-size: 11px;\n            ;\n            font-weight:600;\n        }@media (max-width: 1025px) {  .blockspare-d248ccc6-64b7-4 .bs-flash-wrap .bs-exclusive-posts .bs-exclusive-slides a .bs-post-title{\n                font-size: 14px;\n            } .blockspare-d248ccc6-64b7-4 .bs-flash-wrap .bs-exclusive-now .bs-exclusive-now-txt-animation-wrap .bs-exclusive-texts-wrapper{\n                font-size: 14px;\n            } .blockspare-d248ccc6-64b7-4 .bs-flash-wrap .bs-exclusive-now .bs-exclusive-news-title{\n                font-size: 11px;\n            }}@media (max-width: 767px) {  .blockspare-d248ccc6-64b7-4 .bs-flash-wrap .bs-exclusive-posts .bs-exclusive-slides a .bs-post-title{\n                font-size: 12px;\n            } .blockspare-d248ccc6-64b7-4 .bs-flash-wrap .bs-exclusive-now .bs-exclusive-now-txt-animation-wrap .bs-exclusive-texts-wrapper{\n                font-size: 14px;\n            } .blockspare-d248ccc6-64b7-4 .bs-flash-wrap .bs-exclusive-now .bs-exclusive-news-title{\n                font-size: 11px;\n            }}<\/style>        <section class=\"blockspare-d248ccc6-64b7-4  blockspare-posts-block-post-wrap\">\n          <div class=\"bs-flash-wrap flash-layout flash-style-1\">\n            <div class=\"bs-exclusive-posts blockspare-hover-item bs-border-disabled\">\n              <div class=\"bs-exclusive-now\">\n                                <div class=\"bs-exclusive-now-txt-animation-wrap\">\n                                      <span class=\"bs-spinner spinner-style-4\">\n                                                                        <div class=\"ring\"><\/div>\n                          <div class=\"ring\"><\/div>\n                          <div class=\"ring\"><\/div>\n                          <div class=\"ring\"><\/div>\n                                                                  <\/span>\n                                    <span class=\"bs-exclusive-texts-wrapper\">\n                    Novi Albumi                  <\/span>\n                <\/div>\n              <\/div>\n              <div class=\"bs-exclusive-slides\">\n                <div class=\"bs-marquee bs-flash-side left pause-on-hover\">\n                  <div class=\"bs-marquee-wrapper\">\n                    \n                      <h2 class=\"bs-post-title \">\n                                                <a href=\"https:\/\/www.sulike-studio.com\/?p=20745\" rel=\"bookmark\">\n                          <span class=\"bs-circle-marq\">\n                                                        <img decoding=\"async\" width=\"1024\" height=\"683\" src=\"https:\/\/www.sulike-studio.com\/wp-content\/uploads\/2026\/04\/DSC_jecika_isphoto.jpg\" class=\"attachment-thumbnail    size-thumbnail   \" alt=\"\" \/>                          <\/span>\n                          <span class=\"bs-post-title\">\n                            Jelena M. (18-ti)                          <\/span>\n                        <\/a>\n                      <\/h2>\n                    \n                      <h2 class=\"bs-post-title \">\n                                                <a href=\"https:\/\/www.sulike-studio.com\/?p=21077\" rel=\"bookmark\">\n                          <span class=\"bs-circle-marq\">\n                                                        <img decoding=\"async\" width=\"1024\" height=\"683\" src=\"https:\/\/www.sulike-studio.com\/wp-content\/uploads\/2025\/12\/DenNLJR30.jpg\" class=\"attachment-thumbnail    size-thumbnail   \" alt=\"\" \/>                          <\/span>\n                          <span class=\"bs-post-title\">\n                            Denis V. (Ljubilarni 30-ti)                          <\/span>\n                        <\/a>\n                      <\/h2>\n                    \n                      <h2 class=\"bs-post-title \">\n                                                <a href=\"https:\/\/www.sulike-studio.com\/?p=19717\" rel=\"bookmark\">\n                          <span class=\"bs-circle-marq\">\n                                                        <img loading=\"lazy\" decoding=\"async\" width=\"1024\" height=\"683\" src=\"https:\/\/www.sulike-studio.com\/wp-content\/uploads\/2025\/09\/MarKinMGSal.jpg\" class=\"attachment-thumbnail    size-thumbnail   \" alt=\"\" \/>                          <\/span>\n                          <span class=\"bs-post-title\">\n                            Marijana K. (18-ti)                          <\/span>\n                        <\/a>\n                      <\/h2>\n                    \n                      <h2 class=\"bs-post-title \">\n                                                <a href=\"https:\/\/www.sulike-studio.com\/?p=19409\" rel=\"bookmark\">\n                          <span class=\"bs-circle-marq\">\n                                                        <img loading=\"lazy\" decoding=\"async\" width=\"1024\" height=\"683\" src=\"https:\/\/www.sulike-studio.com\/wp-content\/uploads\/2025\/09\/LNNaslovna.jpg\" class=\"attachment-thumbnail    size-thumbnail   \" alt=\"\" \/>                          <\/span>\n                          <span class=\"bs-post-title\">\n                            Leon N. (18-ti)                          <\/span>\n                        <\/a>\n                      <\/h2>\n                                      <\/div>\n                  <div class=\"bs-marquee-wrapper\">\n                    \n                      <h2 class=\"bs-post-title \">\n                                                <a href=\"https:\/\/www.sulike-studio.com\/?p=20745\" rel=\"bookmark\">\n                          <span class=\"bs-circle-marq\">\n                                                        <img decoding=\"async\" width=\"1024\" height=\"683\" src=\"https:\/\/www.sulike-studio.com\/wp-content\/uploads\/2026\/04\/DSC_jecika_isphoto.jpg\" class=\"attachment-thumbnail    size-thumbnail   \" alt=\"\" \/>                          <\/span>\n                          <span class=\"bs-post-title\">\n                            Jelena M. (18-ti)                          <\/span>\n                        <\/a>\n                      <\/h2>\n                    \n                      <h2 class=\"bs-post-title \">\n                                                <a href=\"https:\/\/www.sulike-studio.com\/?p=21077\" rel=\"bookmark\">\n                          <span class=\"bs-circle-marq\">\n                                                        <img decoding=\"async\" width=\"1024\" height=\"683\" src=\"https:\/\/www.sulike-studio.com\/wp-content\/uploads\/2025\/12\/DenNLJR30.jpg\" class=\"attachment-thumbnail    size-thumbnail   \" alt=\"\" \/>                          <\/span>\n                          <span class=\"bs-post-title\">\n                            Denis V. (Ljubilarni 30-ti)                          <\/span>\n                        <\/a>\n                      <\/h2>\n                    \n                      <h2 class=\"bs-post-title \">\n                                                <a href=\"https:\/\/www.sulike-studio.com\/?p=19717\" rel=\"bookmark\">\n                          <span class=\"bs-circle-marq\">\n                                                        <img loading=\"lazy\" decoding=\"async\" width=\"1024\" height=\"683\" src=\"https:\/\/www.sulike-studio.com\/wp-content\/uploads\/2025\/09\/MarKinMGSal.jpg\" class=\"attachment-thumbnail    size-thumbnail   \" alt=\"\" \/>                          <\/span>\n                          <span class=\"bs-post-title\">\n                            Marijana K. (18-ti)                          <\/span>\n                        <\/a>\n                      <\/h2>\n                    \n                      <h2 class=\"bs-post-title \">\n                                                <a href=\"https:\/\/www.sulike-studio.com\/?p=19409\" rel=\"bookmark\">\n                          <span class=\"bs-circle-marq\">\n                                                        <img loading=\"lazy\" decoding=\"async\" width=\"1024\" height=\"683\" src=\"https:\/\/www.sulike-studio.com\/wp-content\/uploads\/2025\/09\/LNNaslovna.jpg\" class=\"attachment-thumbnail    size-thumbnail   \" alt=\"\" \/>                          <\/span>\n                          <span class=\"bs-post-title\">\n                            Leon N. (18-ti)                          <\/span>\n                        <\/a>\n                      <\/h2>\n                                      <\/div>\n                <\/div>\n              <\/div>\n            <\/div>\n          <\/div>\n        <\/section>\n      <\/div>\n\n\n\n<div class=\"wp-block-boldblocks-icon-separator\" style=\"--bb--margin-top--sm:var(--bb--margin-top--lg);--bb--margin-bottom--sm:var(--bb--margin-bottom--lg);--bb--margin-top--md:var(--bb--margin-top--lg);--bb--margin-bottom--md:var(--bb--margin-bottom--lg);--bb--margin-top--lg:var(--wp--preset--spacing--20);--bb--margin-bottom--lg:var(--wp--preset--spacing--20)\" role=\"separator\"><div class=\"wp-block-boldblocks-icon-separator__inner icon-center is-align-center\" style=\"--bb-border:3px solid var(--wp--preset--color--vivid-purple, #9b51e0);--bb--icon-width:1em;--bb--icon-spacing:.5em\"><\/div><\/div>\n","protected":false},"excerpt":{"rendered":"<p>Mesto:&nbsp;Subotica,Subotica \u2013&nbsp;Telefon:&nbsp;0631846266Facebook:&nbsp;Poseti&nbsp;\u2013&nbsp;Instagram:&nbsp;Poseti SSuLike Studio za<\/p>\n","protected":false},"author":1,"featured_media":6722,"parent":0,"menu_order":0,"comment_status":"closed","ping_status":"closed","template":"","meta":{"footnotes":""},"class_list":["post-5156","page","type-page","status-publish","has-post-thumbnail","hentry"],"aioseo_notices":[],"_links":{"self":[{"href":"https:\/\/www.sulike-studio.com\/index.php?rest_route=\/wp\/v2\/pages\/5156","targetHints":{"allow":["GET"]}}],"collection":[{"href":"https:\/\/www.sulike-studio.com\/index.php?rest_route=\/wp\/v2\/pages"}],"about":[{"href":"https:\/\/www.sulike-studio.com\/index.php?rest_route=\/wp\/v2\/types\/page"}],"author":[{"embeddable":true,"href":"https:\/\/www.sulike-studio.com\/index.php?rest_route=\/wp\/v2\/users\/1"}],"replies":[{"embeddable":true,"href":"https:\/\/www.sulike-studio.com\/index.php?rest_route=%2Fwp%2Fv2%2Fcomments&post=5156"}],"version-history":[{"count":8,"href":"https:\/\/www.sulike-studio.com\/index.php?rest_route=\/wp\/v2\/pages\/5156\/revisions"}],"predecessor-version":[{"id":19428,"href":"https:\/\/www.sulike-studio.com\/index.php?rest_route=\/wp\/v2\/pages\/5156\/revisions\/19428"}],"wp:featuredmedia":[{"embeddable":true,"href":"https:\/\/www.sulike-studio.com\/index.php?rest_route=\/wp\/v2\/media\/6722"}],"wp:attachment":[{"href":"https:\/\/www.sulike-studio.com\/index.php?rest_route=%2Fwp%2Fv2%2Fmedia&parent=5156"}],"curies":[{"name":"wp","href":"https:\/\/api.w.org\/{rel}","templated":true}]}}